{"id":36,"date":"2019-09-05T11:50:33","date_gmt":"2019-09-05T09:50:33","guid":{"rendered":"https:\/\/mosaiques-soutien.ch\/?page_id=36"},"modified":"2025-04-16T13:46:11","modified_gmt":"2025-04-16T11:46:11","slug":"contact","status":"publish","type":"page","link":"https:\/\/mosaiques-soutien.ch\/?page_id=36","title":{"rendered":"Contacts"},"content":{"rendered":"<div id=\"pl-36\" class=\"panel-layout\">\n<div id=\"pg-36-0\" class=\"panel-grid panel-no-style\" data-style=\"{&quot;background_image_attachment&quot;:false,&quot;background_display&quot;:&quot;tile&quot;,&quot;cell_alignment&quot;:&quot;flex-start&quot;}\" data-ratio=\"1\" data-ratio-direction=\"right\">\n<div id=\"pgc-36-0-1\" class=\"panel-grid-cell\" data-weight=\"0.5\">\n<div id=\"panel-36-0-1-0\" class=\"so-panel widget widget_sow-editor panel-first-child panel-last-child\" data-index=\"1\" data-style=\"{&quot;background_image_attachment&quot;:false,&quot;background_display&quot;:&quot;tile&quot;}\">\n<div class=\"so-widget-sow-editor so-widget-sow-editor-base\">\n<div class=\"siteorigin-widget-tinymce textwidget\">\n<table style=\"border: none; height: 301px;\" border=\"0\" width=\"687\">\n<tbody>\n<tr>\n<td class=\"titre\"><strong>Nous contacter<\/strong><\/td>\n<td class=\"titre\"><strong>Adresse<\/strong><\/td>\n<\/tr>\n<tr>\n<td><span style=\"color: #000000;\"><strong>info(a)mosaiques-soutien.ch<\/strong><\/span><\/td>\n<td><b>\u00ab MOSA\u00cfQUES \u00bb<\/b><\/p>\n<p>(au <strong>Centre Saint-Roch<\/strong>, escaliers c\u00f4t\u00e9 chemin de fer et parking)<\/p>\n<p>Rue des P\u00eacheurs 8B \u00a0 \u00a0 \u00a0 \u00a0 \u00a0 \u00a0 \u00a0 \u00a01400 Yverdon-les-Bains<\/p>\n<p>(Rez de chauss\u00e9e, couloir de gauche, deuxi\u00e8me porte).<\/td>\n<\/tr>\n<tr>\n<td><strong>t\u00e9l. 079\/ 318.78.61<\/strong><\/td>\n<td>IBAN : CH49 0900 1079 0284 0 \u00a0 \u00a0 \u00a0 \u00a0Compte Postal : 10-790284-0<\/td>\n<\/tr>\n<tr>\n<td><\/td>\n<td><\/td>\n<\/tr>\n<\/tbody>\n<\/table>\n<h2 style=\"text-align: center;\">Formulaire de contact<\/h2>\n<p><img loading=\"lazy\" decoding=\"async\" class=\"alignnone wp-image-847\" src=\"https:\/\/mosaiques-soutien.ch\/wp-content\/uploads\/2021\/04\/Centre-Saint-Roch3-300x147.jpg\" alt=\"\" width=\"836\" height=\"409\" srcset=\"https:\/\/mosaiques-soutien.ch\/wp-content\/uploads\/2021\/04\/Centre-Saint-Roch3-300x147.jpg 300w, https:\/\/mosaiques-soutien.ch\/wp-content\/uploads\/2021\/04\/Centre-Saint-Roch3-1024x502.jpg 1024w, https:\/\/mosaiques-soutien.ch\/wp-content\/uploads\/2021\/04\/Centre-Saint-Roch3-768x376.jpg 768w, https:\/\/mosaiques-soutien.ch\/wp-content\/uploads\/2021\/04\/Centre-Saint-Roch3.jpg 1226w\" sizes=\"auto, (max-width: 836px) 100vw, 836px\" \/><\/p>\n<\/div>\n<\/div>\n<\/div>\n<\/div>\n<\/div>\n<\/div>\n","protected":false},"excerpt":{"rendered":"<p>Nous contacter Adresse info(a)mosaiques-soutien.ch \u00ab MOSA\u00cfQUES \u00bb (au Centre Saint-Roch, escaliers c\u00f4t\u00e9 chemin de fer et parking) Rue des P\u00eacheurs [&hellip;]<\/p>\n","protected":false},"author":1,"featured_media":0,"parent":0,"menu_order":0,"comment_status":"closed","ping_status":"closed","template":"","meta":{"footnotes":""},"class_list":["post-36","page","type-page","status-publish","hentry"],"_links":{"self":[{"href":"https:\/\/mosaiques-soutien.ch\/index.php?rest_route=\/wp\/v2\/pages\/36","targetHints":{"allow":["GET"]}}],"collection":[{"href":"https:\/\/mosaiques-soutien.ch\/index.php?rest_route=\/wp\/v2\/pages"}],"about":[{"href":"https:\/\/mosaiques-soutien.ch\/index.php?rest_route=\/wp\/v2\/types\/page"}],"author":[{"embeddable":true,"href":"https:\/\/mosaiques-soutien.ch\/index.php?rest_route=\/wp\/v2\/users\/1"}],"replies":[{"embeddable":true,"href":"https:\/\/mosaiques-soutien.ch\/index.php?rest_route=%2Fwp%2Fv2%2Fcomments&post=36"}],"version-history":[{"count":60,"href":"https:\/\/mosaiques-soutien.ch\/index.php?rest_route=\/wp\/v2\/pages\/36\/revisions"}],"predecessor-version":[{"id":1063,"href":"https:\/\/mosaiques-soutien.ch\/index.php?rest_route=\/wp\/v2\/pages\/36\/revisions\/1063"}],"wp:attachment":[{"href":"https:\/\/mosaiques-soutien.ch\/index.php?rest_route=%2Fwp%2Fv2%2Fmedia&parent=36"}],"curies":[{"name":"wp","href":"https:\/\/api.w.org\/{rel}","templated":true}]}}